{"id":362,"date":"2014-07-09T15:49:00","date_gmt":"2014-07-09T15:49:00","guid":{"rendered":"http:\/\/192.168.1.104\/restaurant\/?page_id=9"},"modified":"2023-10-11T04:51:55","modified_gmt":"2023-10-11T04:51:55","slug":"wilkommen","status":"publish","type":"page","link":"https:\/\/www.leoli-restaurant.de\/","title":{"rendered":"Willkommen"},"content":{"rendered":"<div id='av_section_1' class='avia-section main_color avia-section-default avia-no-shadow avia-full-stretch av-parallax-section avia-bg-style-parallax  avia-builder-el-0  el_before_av_section  avia-builder-el-first    av-minimum-height av-minimum-height-custom  container_wrap sidebar_right' style=' '  data-section-bg-repeat='stretch'><div class='av-parallax' data-avia-parallax-ratio='0.3' ><div class='av-parallax-inner main_color  avia-full-stretch' style = 'background-repeat: no-repeat; background-image: url(https:\/\/www.leoli-restaurant.de\/wp-content\/uploads\/2019\/07\/home-1.jpg);background-attachment: scroll; background-position: center center; ' ><\/div><\/div><div class='container' style='height:600px'><main  role=\"main\" itemprop=\"mainContentOfPage\"  class='template-page content  av-content-small alpha units'><div class='post-entry post-entry-type-page post-entry-362'><div class='entry-content-wrapper clearfix'>\n<div style='padding-bottom:0px; color:#ffffff;font-size:60px;' class='av-special-heading av-special-heading-h1 custom-color-heading blockquote modern-quote  avia-builder-el-1  avia-builder-el-no-sibling   av-thin-font av-inherit-size '><h1 class='av-special-heading-tag  av-mini-font-size-overwrite av-mini-font-size-40'  itemprop=\"headline\"  ><span style=\"background-color: rgba(0, 0, 0, 0.50);\">Willkommen im <strong>LEOLI Restaurant<\/strong><\/span><\/h1><div class ='av-subheading av-subheading_below av_custom_color  av-mini-font-size-overwrite av-mini-font-size-20' style='font-size:18px;'><p><span style=\"background-color: rgba(0, 0, 0, 0.50);\">Original \u235f Authentisch \u235f Vietnamesisch<br \/>\nReservierung und Bestellung unter <a href=\"tel:+498937459333\">+49 (0) 89 &#8211; 37459333<\/a><\/span><\/p>\n<\/div><div class='special-heading-border'><div class='special-heading-inner-border' style='border-color:#ffffff'><\/div><\/div><\/div>\n<\/div><\/div><\/main><!-- close content main element --><\/div><\/div><div id='av_section_2' class='avia-section main_color avia-section-large avia-no-border-styling avia-bg-style-scroll  avia-builder-el-2  el_after_av_section  el_before_av_textblock   container_wrap sidebar_right' style='background-repeat: no-repeat; background-image: url(https:\/\/www.leoli-restaurant.de\/wp-content\/uploads\/2014\/07\/fruit_bg.jpg);background-attachment: scroll; background-position: bottom right;  '  data-section-bg-repeat='no-repeat'><div class='container' ><div class='template-page content  av-content-small alpha units'><div class='post-entry post-entry-type-page post-entry-362'><div class='entry-content-wrapper clearfix'>\n<div class=\"flex_column av_two_third  flex_column_div first  avia-builder-el-3  el_before_av_one_third  avia-builder-el-first  \" ><div  data-size='no scaling'  data-lightbox_size='large'  data-animation='fade'  data-conditional_play=''  data-ids='463,464,465,466,468,469,470,471,472,473,459'  data-video_counter='0'  data-autoplay='true'  data-bg_slider='false'  data-slide_height=''  data-handle='av_slideshow'  data-interval='5'  data-class=' avia-builder-el-4  avia-builder-el-no-sibling   '  data-css_id=''  data-scroll_down=''  data-control_layout='av-control-default'  data-custom_markup=''  data-perma_caption=''  data-autoplay_stopper=''  data-image_attachment=''  data-min_height='0px'  class='avia-slideshow avia-slideshow-1  av-control-default av-default-height-applied avia-slideshow-no scaling av_slideshow  avia-builder-el-4  avia-builder-el-no-sibling    avia-fade-slider '  itemprop=\"image\" itemscope=\"itemscope\" itemtype=\"https:\/\/schema.org\/ImageObject\" ><ul class='avia-slideshow-inner ' style='padding-bottom: 133.375%;' ><li  class=' slide-1 ' ><div data-rel='slideshow-1' class='avia-slide-wrap '   ><img src='https:\/\/www.leoli-restaurant.de\/wp-content\/uploads\/2019\/09\/image001.jpg' width='800' height='1067' title='image001' alt=''  itemprop=\"thumbnailUrl\"   \/><\/div><\/li><li  class=' slide-2 ' ><div data-rel='slideshow-1' class='avia-slide-wrap '   ><img src='https:\/\/www.leoli-restaurant.de\/wp-content\/uploads\/2019\/09\/image002.jpg' width='800' height='1067' title='image002' alt=''  itemprop=\"thumbnailUrl\"   \/><\/div><\/li><li  class=' slide-3 ' ><div data-rel='slideshow-1' class='avia-slide-wrap '   ><img src='https:\/\/www.leoli-restaurant.de\/wp-content\/uploads\/2019\/09\/image003.jpg' width='800' height='1067' title='image003' alt=''  itemprop=\"thumbnailUrl\"   \/><\/div><\/li><li  class=' slide-4 ' ><div data-rel='slideshow-1' class='avia-slide-wrap '   ><img src='https:\/\/www.leoli-restaurant.de\/wp-content\/uploads\/2019\/09\/image004.jpg' width='800' height='1067' title='image004' alt=''  itemprop=\"thumbnailUrl\"   \/><\/div><\/li><li  class=' slide-5 ' ><div data-rel='slideshow-1' class='avia-slide-wrap '   ><img src='https:\/\/www.leoli-restaurant.de\/wp-content\/uploads\/2019\/09\/image005.jpg' width='800' height='1067' title='image005' alt=''  itemprop=\"thumbnailUrl\"   \/><\/div><\/li><li  class=' slide-6 ' ><div data-rel='slideshow-1' class='avia-slide-wrap '   ><img src='https:\/\/www.leoli-restaurant.de\/wp-content\/uploads\/2019\/09\/image006.jpg' width='800' height='1067' title='image006' alt=''  itemprop=\"thumbnailUrl\"   \/><\/div><\/li><li  class=' slide-7 ' ><div data-rel='slideshow-1' class='avia-slide-wrap '   ><img src='https:\/\/www.leoli-restaurant.de\/wp-content\/uploads\/2019\/09\/image007.jpg' width='800' height='1067' title='image007' alt=''  itemprop=\"thumbnailUrl\"   \/><\/div><\/li><li  class=' slide-8 ' ><div data-rel='slideshow-1' class='avia-slide-wrap '   ><img src='https:\/\/www.leoli-restaurant.de\/wp-content\/uploads\/2019\/09\/image008.jpg' width='800' height='1067' title='image008' alt=''  itemprop=\"thumbnailUrl\"   \/><\/div><\/li><li  class=' slide-9 ' ><div data-rel='slideshow-1' class='avia-slide-wrap '   ><img src='https:\/\/www.leoli-restaurant.de\/wp-content\/uploads\/2019\/09\/image009.jpg' width='800' height='1067' title='image009' alt=''  itemprop=\"thumbnailUrl\"   \/><\/div><\/li><li  class=' slide-10 ' ><div data-rel='slideshow-1' class='avia-slide-wrap '   ><img src='https:\/\/www.leoli-restaurant.de\/wp-content\/uploads\/2019\/09\/image010.jpg' width='800' height='1067' title='image010' alt=''  itemprop=\"thumbnailUrl\"   \/><\/div><\/li><li  class=' slide-11 ' ><div data-rel='slideshow-1' class='avia-slide-wrap '   ><img src='https:\/\/www.leoli-restaurant.de\/wp-content\/uploads\/2019\/08\/header-menue.jpg' width='2560' height='1707' title='header-menue' alt=''  itemprop=\"thumbnailUrl\"   \/><\/div><\/li><\/ul><div class='avia-slideshow-arrows avia-slideshow-controls'><a href='#prev' class='prev-slide' aria-hidden='true' data-av_icon='\ue87c' data-av_iconfont='entypo-fontello'>Zur\u00fcck<\/a><a href='#next' class='next-slide' aria-hidden='true' data-av_icon='\ue87d' data-av_iconfont='entypo-fontello'>Weiter<\/a><\/div><div class='avia-slideshow-dots avia-slideshow-controls'><a href='#1' class='goto-slide active' >1<\/a><a href='#2' class='goto-slide ' >2<\/a><a href='#3' class='goto-slide ' >3<\/a><a href='#4' class='goto-slide ' >4<\/a><a href='#5' class='goto-slide ' >5<\/a><a href='#6' class='goto-slide ' >6<\/a><a href='#7' class='goto-slide ' >7<\/a><a href='#8' class='goto-slide ' >8<\/a><a href='#9' class='goto-slide ' >9<\/a><a href='#10' class='goto-slide ' >10<\/a><a href='#11' class='goto-slide ' >11<\/a><\/div><\/div><\/div><div class=\"flex_column av_one_third  flex_column_div   avia-builder-el-5  el_after_av_two_third  avia-builder-el-last  \" ><p><div style='padding-bottom:0px; ' class='av-special-heading av-special-heading-h2  blockquote modern-quote  avia-builder-el-6  el_before_av_textblock  avia-builder-el-first   av-thin-font '><h2 class='av-special-heading-tag '  itemprop=\"headline\"  >Die Seele baumeln lassen <span class='special_amp'>&amp;<\/span> <strong>einfach nur geniessen!<\/strong><\/h2><div class='special-heading-border'><div class='special-heading-inner-border' ><\/div><\/div><\/div><br \/>\n<section class=\"av_textblock_section \"  itemscope=\"itemscope\" itemtype=\"https:\/\/schema.org\/CreativeWork\" ><div class='avia_textblock  '   itemprop=\"text\" ><p>Das vietnamesische Leoli Restaurant ist bekannt f\u00fcr die k\u00f6stliche und vielf\u00e4ltige K\u00fcche unseres Landes. Dabei verwenden wir ausschlie\u00dflich hochwertige Zutaten und achten auf eine schonende Zubereitung aller Gerichte.<\/p>\n<p>Unsere K\u00f6che zaubern Ihnen leckere Kreationen basierend auf traditionellen Familien-Rezepten. Die frisch zubereiteten Gerichte entf\u00fchren Sie direkt nach Vietnam, das Land der k\u00f6stlichen Gark\u00fcche.<\/p>\n<p>Wir legen viel Wert auf gleichbleibende hohe Qualit\u00e4t und dass jeder Gast mit neuen Geschmackserlebnissen sowie ein breites L\u00e4cheln unser authentisches Restaurant verl\u00e4sst.<\/p>\n<blockquote>\n<p>Willkommen und ch\u00e0o m\u1eebng\u00a0im\u00a0vietnamesischen Gr\u00fcnwald.<\/p>\n<p>Ihre Familie Leoli<\/p>\n<\/blockquote>\n<\/div><\/section><\/p><\/div>\n<\/div><\/div><\/div><!-- close content main div --><\/div><\/div><div id='after_section_2' class='main_color av_default_container_wrap container_wrap sidebar_right' style=' '  ><div class='container' ><div class='template-page content  av-content-small alpha units'><div class='post-entry post-entry-type-page post-entry-362'><div class='entry-content-wrapper clearfix'><\/p>\n<section class=\"av_textblock_section \"  itemscope=\"itemscope\" itemtype=\"https:\/\/schema.org\/CreativeWork\" ><div class='avia_textblock  '   itemprop=\"text\" ><h2 style=\"text-align: center;\">Lassen Sie sich verzaubern &#038; genie\u00dfen Sie in unserem Ambiente die authentische vietnamesische K\u00fcche<\/h2>\n<\/div><\/section>\n<\/div><\/div><\/div><!-- close content main div --><\/div><\/div><div id='full_slider_1' class='avia-fullwidth-slider main_color avia-shadow   avia-builder-el-9  el_after_av_textblock  el_before_av_one_full   slider-not-first container_wrap sidebar_right' style=' '  ><div  data-size='featured_large'  data-lightbox_size='large'  data-animation='slide'  data-conditional_play=''  data-ids='400,401,402,403,404,405,406,407,408,409,410,411'  data-video_counter='0'  data-autoplay='true'  data-bg_slider='false'  data-slide_height=''  data-handle='av_slideshow_full'  data-interval='5'  data-class=' image_no_stretch'  data-css_id=''  data-scroll_down=''  data-control_layout='av-control-default'  data-custom_markup=''  data-perma_caption=''  data-autoplay_stopper=''  data-image_attachment=''  data-min_height='0px'  data-src=''  data-position='top left'  data-repeat='no-repeat'  data-attach='scroll'  data-stretch='image_no_stretch'  data-default-height='42'  class='avia-slideshow avia-slideshow-2  av-control-default av-default-height-applied avia-slideshow-featured_large av_slideshow_full  image_no_stretch avia-slide-slider '  itemprop=\"image\" itemscope=\"itemscope\" itemtype=\"https:\/\/schema.org\/ImageObject\" ><ul class='avia-slideshow-inner ' style='padding-bottom: 42%;' ><li  class=' slide-1 ' ><div data-rel='slideshow-2' class='avia-slide-wrap '   ><img src='https:\/\/www.leoli-restaurant.de\/wp-content\/uploads\/2019\/07\/image002-1500x630.jpg' width='1500' height='630' title='image002' alt=''  itemprop=\"thumbnailUrl\"   \/><\/div><\/li><li  class=' slide-2 ' ><div data-rel='slideshow-2' class='avia-slide-wrap '   ><img src='https:\/\/www.leoli-restaurant.de\/wp-content\/uploads\/2019\/07\/image003-1500x630.jpg' width='1500' height='630' title='image003' alt=''  itemprop=\"thumbnailUrl\"   \/><\/div><\/li><li  class=' slide-3 ' ><div data-rel='slideshow-2' class='avia-slide-wrap '   ><img src='https:\/\/www.leoli-restaurant.de\/wp-content\/uploads\/2019\/07\/image004-1500x630.jpg' width='1500' height='630' title='image004' alt=''  itemprop=\"thumbnailUrl\"   \/><\/div><\/li><li  class=' slide-4 ' ><div data-rel='slideshow-2' class='avia-slide-wrap '   ><img src='https:\/\/www.leoli-restaurant.de\/wp-content\/uploads\/2019\/07\/image005-1500x630.jpg' width='1500' height='630' title='image005' alt=''  itemprop=\"thumbnailUrl\"   \/><\/div><\/li><li  class=' slide-5 ' ><div data-rel='slideshow-2' class='avia-slide-wrap '   ><img src='https:\/\/www.leoli-restaurant.de\/wp-content\/uploads\/2019\/07\/image006-1500x630.jpg' width='1500' height='630' title='image006' alt=''  itemprop=\"thumbnailUrl\"   \/><\/div><\/li><li  class=' slide-6 ' ><div data-rel='slideshow-2' class='avia-slide-wrap '   ><img src='https:\/\/www.leoli-restaurant.de\/wp-content\/uploads\/2019\/07\/image007-1500x630.jpg' width='1500' height='630' title='image007' alt=''  itemprop=\"thumbnailUrl\"   \/><\/div><\/li><li  class=' slide-7 ' ><div data-rel='slideshow-2' class='avia-slide-wrap '   ><img src='https:\/\/www.leoli-restaurant.de\/wp-content\/uploads\/2019\/07\/image008-1500x630.jpg' width='1500' height='630' title='image008' alt=''  itemprop=\"thumbnailUrl\"   \/><\/div><\/li><li  class=' slide-8 ' ><div data-rel='slideshow-2' class='avia-slide-wrap '   ><img src='https:\/\/www.leoli-restaurant.de\/wp-content\/uploads\/2019\/07\/image009-1500x630.jpg' width='1500' height='630' title='image009' alt=''  itemprop=\"thumbnailUrl\"   \/><\/div><\/li><li  class=' slide-9 ' ><div data-rel='slideshow-2' class='avia-slide-wrap '   ><img src='https:\/\/www.leoli-restaurant.de\/wp-content\/uploads\/2019\/07\/image010-1500x630.jpg' width='1500' height='630' title='image010' alt=''  itemprop=\"thumbnailUrl\"   \/><\/div><\/li><li  class=' slide-10 ' ><div data-rel='slideshow-2' class='avia-slide-wrap '   ><img src='https:\/\/www.leoli-restaurant.de\/wp-content\/uploads\/2019\/07\/image011-1500x630.jpg' width='1500' height='630' title='image011' alt=''  itemprop=\"thumbnailUrl\"   \/><\/div><\/li><li  class=' slide-11 ' ><div data-rel='slideshow-2' class='avia-slide-wrap '   ><img src='https:\/\/www.leoli-restaurant.de\/wp-content\/uploads\/2019\/07\/image012-1500x630.jpg' width='1500' height='630' title='image012' alt=''  itemprop=\"thumbnailUrl\"   \/><\/div><\/li><li  class=' slide-12 ' ><div data-rel='slideshow-2' class='avia-slide-wrap '   ><img src='https:\/\/www.leoli-restaurant.de\/wp-content\/uploads\/2019\/07\/image013-1500x630.jpg' width='1500' height='630' title='image013' alt=''  itemprop=\"thumbnailUrl\"   \/><\/div><\/li><\/ul><div class='avia-slideshow-arrows avia-slideshow-controls'><a href='#prev' class='prev-slide' aria-hidden='true' data-av_icon='\ue87c' data-av_iconfont='entypo-fontello'>Zur\u00fcck<\/a><a href='#next' class='next-slide' aria-hidden='true' data-av_icon='\ue87d' data-av_iconfont='entypo-fontello'>Weiter<\/a><\/div><div class='avia-slideshow-dots avia-slideshow-controls'><a href='#1' class='goto-slide active' >1<\/a><a href='#2' class='goto-slide ' >2<\/a><a href='#3' class='goto-slide ' >3<\/a><a href='#4' class='goto-slide ' >4<\/a><a href='#5' class='goto-slide ' >5<\/a><a href='#6' class='goto-slide ' >6<\/a><a href='#7' class='goto-slide ' >7<\/a><a href='#8' class='goto-slide ' >8<\/a><a href='#9' class='goto-slide ' >9<\/a><a href='#10' class='goto-slide ' >10<\/a><a href='#11' class='goto-slide ' >11<\/a><a href='#12' class='goto-slide ' >12<\/a><\/div><\/div><\/div><div id='after_full_slider_1' class='main_color av_default_container_wrap container_wrap sidebar_right' style=' '  ><div class='container' ><div class='template-page content  av-content-small alpha units'><div class='post-entry post-entry-type-page post-entry-362'><div class='entry-content-wrapper clearfix'>\n<div class=\"flex_column av_one_full  flex_column_div av-zero-column-padding first  avia-builder-el-10  el_after_av_slideshow_full  avia-builder-el-no-sibling  \" style='border-radius:0px; '><\/div>\n","protected":false},"excerpt":{"rendered":"","protected":false},"author":1,"featured_media":0,"parent":0,"menu_order":0,"comment_status":"open","ping_status":"open","template":"","meta":{"footnotes":""},"class_list":["post-362","page","type-page","status-publish","hentry"],"yoast_head":"<!-- This site is optimized with the Yoast SEO plugin v17.2.1 - https:\/\/yoast.com\/wordpress\/plugins\/seo\/ -->\n<title>Willkommen - LEOLI VIETNAMESE CUISINE<\/title>\n<meta name=\"robots\" content=\"index, follow, max-snippet:-1, max-image-preview:large, max-video-preview:-1\" \/>\n<link rel=\"canonical\" href=\"https:\/\/www.leoli-restaurant.de\/index.php\/wilkommen\/\" \/>\n<meta property=\"og:locale\" content=\"de_DE\" \/>\n<meta property=\"og:type\" content=\"article\" \/>\n<meta property=\"og:title\" content=\"Willkommen - LEOLI VIETNAMESE CUISINE\" \/>\n<meta property=\"og:url\" content=\"https:\/\/www.leoli-restaurant.de\/index.php\/wilkommen\/\" \/>\n<meta property=\"og:site_name\" content=\"LEOLI VIETNAMESE CUISINE\" \/>\n<meta property=\"article:modified_time\" content=\"2023-10-11T04:51:55+00:00\" \/>\n<meta name=\"twitter:card\" content=\"summary_large_image\" \/>\n<meta name=\"twitter:label1\" content=\"Gesch\u00e4tzte Lesezeit\" \/>\n\t<meta name=\"twitter:data1\" content=\"5\u00a0Minuten\" \/>\n<script type=\"application\/ld+json\" class=\"yoast-schema-graph\">{\"@context\":\"https:\/\/schema.org\",\"@graph\":[{\"@type\":\"WebSite\",\"@id\":\"https:\/\/www.leoli-restaurant.de\/#website\",\"url\":\"https:\/\/www.leoli-restaurant.de\/\",\"name\":\"LEOLI VIETNAMESE CUISINE\",\"description\":\"Original \\u235f Authentisch \\u235f Vietnamesisch\",\"potentialAction\":[{\"@type\":\"SearchAction\",\"target\":{\"@type\":\"EntryPoint\",\"urlTemplate\":\"https:\/\/www.leoli-restaurant.de\/?s={search_term_string}\"},\"query-input\":\"required name=search_term_string\"}],\"inLanguage\":\"de\"},{\"@type\":\"WebPage\",\"@id\":\"https:\/\/www.leoli-restaurant.de\/index.php\/wilkommen\/#webpage\",\"url\":\"https:\/\/www.leoli-restaurant.de\/index.php\/wilkommen\/\",\"name\":\"Willkommen - LEOLI VIETNAMESE CUISINE\",\"isPartOf\":{\"@id\":\"https:\/\/www.leoli-restaurant.de\/#website\"},\"datePublished\":\"2014-07-09T15:49:00+00:00\",\"dateModified\":\"2023-10-11T04:51:55+00:00\",\"breadcrumb\":{\"@id\":\"https:\/\/www.leoli-restaurant.de\/index.php\/wilkommen\/#breadcrumb\"},\"inLanguage\":\"de\",\"potentialAction\":[{\"@type\":\"ReadAction\",\"target\":[\"https:\/\/www.leoli-restaurant.de\/index.php\/wilkommen\/\"]}]},{\"@type\":\"BreadcrumbList\",\"@id\":\"https:\/\/www.leoli-restaurant.de\/index.php\/wilkommen\/#breadcrumb\",\"itemListElement\":[{\"@type\":\"ListItem\",\"position\":1,\"name\":\"Startseite\",\"item\":\"https:\/\/www.leoli-restaurant.de\/index.php\/wilkommen\/\"},{\"@type\":\"ListItem\",\"position\":2,\"name\":\"Willkommen\"}]}]}<\/script>\n<!-- \/ Yoast SEO plugin. -->","yoast_head_json":{"title":"Willkommen - LEOLI VIETNAMESE CUISINE","robots":{"index":"index","follow":"follow","max-snippet":"max-snippet:-1","max-image-preview":"max-image-preview:large","max-video-preview":"max-video-preview:-1"},"canonical":"https:\/\/www.leoli-restaurant.de\/index.php\/wilkommen\/","og_locale":"de_DE","og_type":"article","og_title":"Willkommen - LEOLI VIETNAMESE CUISINE","og_url":"https:\/\/www.leoli-restaurant.de\/index.php\/wilkommen\/","og_site_name":"LEOLI VIETNAMESE CUISINE","article_modified_time":"2023-10-11T04:51:55+00:00","twitter_card":"summary_large_image","twitter_misc":{"Gesch\u00e4tzte Lesezeit":"5\u00a0Minuten"},"schema":{"@context":"https:\/\/schema.org","@graph":[{"@type":"WebSite","@id":"https:\/\/www.leoli-restaurant.de\/#website","url":"https:\/\/www.leoli-restaurant.de\/","name":"LEOLI VIETNAMESE CUISINE","description":"Original \u235f Authentisch \u235f Vietnamesisch","potentialAction":[{"@type":"SearchAction","target":{"@type":"EntryPoint","urlTemplate":"https:\/\/www.leoli-restaurant.de\/?s={search_term_string}"},"query-input":"required name=search_term_string"}],"inLanguage":"de"},{"@type":"WebPage","@id":"https:\/\/www.leoli-restaurant.de\/index.php\/wilkommen\/#webpage","url":"https:\/\/www.leoli-restaurant.de\/index.php\/wilkommen\/","name":"Willkommen - LEOLI VIETNAMESE CUISINE","isPartOf":{"@id":"https:\/\/www.leoli-restaurant.de\/#website"},"datePublished":"2014-07-09T15:49:00+00:00","dateModified":"2023-10-11T04:51:55+00:00","breadcrumb":{"@id":"https:\/\/www.leoli-restaurant.de\/index.php\/wilkommen\/#breadcrumb"},"inLanguage":"de","potentialAction":[{"@type":"ReadAction","target":["https:\/\/www.leoli-restaurant.de\/index.php\/wilkommen\/"]}]},{"@type":"BreadcrumbList","@id":"https:\/\/www.leoli-restaurant.de\/index.php\/wilkommen\/#breadcrumb","itemListElement":[{"@type":"ListItem","position":1,"name":"Startseite","item":"https:\/\/www.leoli-restaurant.de\/index.php\/wilkommen\/"},{"@type":"ListItem","position":2,"name":"Willkommen"}]}]}},"_links":{"self":[{"href":"https:\/\/www.leoli-restaurant.de\/index.php\/wp-json\/wp\/v2\/pages\/362","targetHints":{"allow":["GET"]}}],"collection":[{"href":"https:\/\/www.leoli-restaurant.de\/index.php\/wp-json\/wp\/v2\/pages"}],"about":[{"href":"https:\/\/www.leoli-restaurant.de\/index.php\/wp-json\/wp\/v2\/types\/page"}],"author":[{"embeddable":true,"href":"https:\/\/www.leoli-restaurant.de\/index.php\/wp-json\/wp\/v2\/users\/1"}],"replies":[{"embeddable":true,"href":"https:\/\/www.leoli-restaurant.de\/index.php\/wp-json\/wp\/v2\/comments?post=362"}],"version-history":[{"count":32,"href":"https:\/\/www.leoli-restaurant.de\/index.php\/wp-json\/wp\/v2\/pages\/362\/revisions"}],"predecessor-version":[{"id":786,"href":"https:\/\/www.leoli-restaurant.de\/index.php\/wp-json\/wp\/v2\/pages\/362\/revisions\/786"}],"wp:attachment":[{"href":"https:\/\/www.leoli-restaurant.de\/index.php\/wp-json\/wp\/v2\/media?parent=362"}],"curies":[{"name":"wp","href":"https:\/\/api.w.org\/{rel}","templated":true}]}}